{"id":7,"date":"2026-03-07T11:42:42","date_gmt":"2026-03-07T08:42:42","guid":{"rendered":"https:\/\/bilgininsaat.com\/?page_id=7"},"modified":"2026-04-07T13:37:16","modified_gmt":"2026-04-07T10:37:16","slug":"ana-sayfa","status":"publish","type":"page","link":"https:\/\/bilgininsaat.com\/","title":{"rendered":"Ana Sayfa"},"content":{"rendered":"\t\t<div data-elementor-type=\"wp-post\" data-elementor-id=\"7\" class=\"elementor elementor-7\" data-elementor-post-type=\"page\">\n\t\t\t\t<div class=\"elementor-element elementor-element-107a637 e-flex e-con-boxed e-con e-parent\" data-id=\"107a637\" data-element_type=\"container\" data-e-type=\"container\" data-settings=\"{&quot;background_background&quot;:&quot;classic&quot;}\">\n\t\t\t\t\t<div class=\"e-con-inner\">\n\t\t\t\t<div class=\"elementor-element elementor-element-b774c63 elementor-widget elementor-widget-image\" data-id=\"b774c63\" data-element_type=\"widget\" data-e-type=\"widget\" data-widget_type=\"image.default\">\n\t\t\t\t\t\t\t\t\t\t\t\t\t\t\t<img decoding=\"async\" width=\"240\" height=\"175\" src=\"https:\/\/bilgininsaat.com\/wp-content\/uploads\/2026\/03\/bilgin_logotype.svg\" class=\"attachment-large size-large wp-image-17\" alt=\"\" \/>\t\t\t\t\t\t\t\t\t\t\t\t\t\t\t<\/div>\n\t\t\t\t<div class=\"elementor-element elementor-element-c31b19e elementor-widget elementor-widget-heading\" data-id=\"c31b19e\" data-element_type=\"widget\" data-e-type=\"widget\" data-widget_type=\"heading.default\">\n\t\t\t\t\t<h2 class=\"elementor-heading-title elementor-size-default\">Y\u00fczy\u0131l\u0131 a\u015fan g\u00fcvenle d\u00f6rt nesildir ayn\u0131 sorumluluk.<\/h2>\t\t\t\t<\/div>\n\t\t\t\t\t<\/div>\n\t\t\t\t<\/div>\n\t\t<div class=\"elementor-element elementor-element-40d971e e-flex e-con-boxed e-con e-parent\" data-id=\"40d971e\" data-element_type=\"container\" data-e-type=\"container\" data-settings=\"{&quot;background_background&quot;:&quot;classic&quot;}\">\n\t\t\t\t\t<div class=\"e-con-inner\">\n\t\t\t\t<div class=\"elementor-element elementor-element-0a7bd58 elementor-widget elementor-widget-image\" data-id=\"0a7bd58\" data-element_type=\"widget\" data-e-type=\"widget\" data-widget_type=\"image.default\">\n\t\t\t\t\t\t\t\t\t\t\t\t\t\t\t<img decoding=\"async\" src=\"https:\/\/bilgininsaat.com\/wp-content\/uploads\/elementor\/thumbs\/home-rlifbwmpyb6yw7l443vpzw5izcw9fisdbe46li2hzm.jpg\" title=\"home\" alt=\"home\" loading=\"lazy\" \/>\t\t\t\t\t\t\t\t\t\t\t\t\t\t\t<\/div>\n\t\t\t\t<div class=\"elementor-element elementor-element-5680167 elementor-widget elementor-widget-text-editor\" data-id=\"5680167\" data-element_type=\"widget\" data-e-type=\"widget\" data-widget_type=\"text-editor.default\">\n\t\t\t\t\t\t\t\t\t<p>Bu miras, bug\u00fcn h\u00e2l\u00e2 i\u015fimizin merkezinde.<\/p>\t\t\t\t\t\t\t\t<\/div>\n\t\t\t\t\t<\/div>\n\t\t\t\t<\/div>\n\t\t<div class=\"elementor-element elementor-element-7736b22 servis-alani elementor-hidden-tablet elementor-hidden-mobile e-flex e-con-boxed e-con e-parent\" data-id=\"7736b22\" data-element_type=\"container\" data-e-type=\"container\" id=\"servis-alani\" data-settings=\"{&quot;background_background&quot;:&quot;classic&quot;}\">\n\t\t\t\t\t<div class=\"e-con-inner\">\n\t\t\t\t<div class=\"elementor-element elementor-element-7a596f6 elementor-widget-divider--view-line elementor-widget elementor-widget-divider\" data-id=\"7a596f6\" data-element_type=\"widget\" data-e-type=\"widget\" data-widget_type=\"divider.default\">\n\t\t\t\t\t\t\t<div class=\"elementor-divider\">\n\t\t\t<span class=\"elementor-divider-separator\">\n\t\t\t\t\t\t<\/span>\n\t\t<\/div>\n\t\t\t\t\t\t<\/div>\n\t\t<div class=\"elementor-element elementor-element-5787fe8 e-con-full e-flex e-con e-child\" data-id=\"5787fe8\" data-element_type=\"container\" data-e-type=\"container\">\n\t\t<a class=\"elementor-element elementor-element-a2b16a2 e-con-full servis-kutusu e-flex e-con e-child\" data-id=\"a2b16a2\" data-element_type=\"container\" data-e-type=\"container\" href=\"https:\/\/yapi.bilgininsaat.com\">\n\t\t\t\t<div class=\"elementor-element elementor-element-b441ad7 eael-dual-header-content-align-center elementor-widget elementor-widget-eael-dual-color-header\" data-id=\"b441ad7\" data-element_type=\"widget\" data-e-type=\"widget\" data-widget_type=\"eael-dual-color-header.default\">\n\t\t\t\t\t\t\t\t<div class=\"eael-dual-header\">\n\t\t\t\t<h2 class=\"title eael-dch-title\"><span class=\"eael-dch-title-text eael-dch-title-lead lead solid-color\">YAPI MALZEMELER\u0130<\/span> <span class=\"eael-dch-title-text\"><\/span><\/h2>\t\t\t\t\t<span class=\"subtext\"><p>Sat\u0131\u015f \u2022 Servis \u2022 Yedek Par\u00e7a<\/p><\/span>\n\t\t\t\t\t\t\t<\/div>\n\n\t\t\t\t\t\t<\/div>\n\t\t\t\t<\/a>\n\t\t<a class=\"elementor-element elementor-element-0b30b1c e-con-full servis-kutusu e-flex e-con e-child\" data-id=\"0b30b1c\" data-element_type=\"container\" data-e-type=\"container\" href=\"https:\/\/sifonik.bilgininsaat.com\/\">\n\t\t\t\t<div class=\"elementor-element elementor-element-2363351 eael-dual-header-content-align-center elementor-widget elementor-widget-eael-dual-color-header\" data-id=\"2363351\" data-element_type=\"widget\" data-e-type=\"widget\" data-widget_type=\"eael-dual-color-header.default\">\n\t\t\t\t\t\t\t\t<div class=\"eael-dual-header\">\n\t\t\t\t<h2 class=\"title eael-dch-title\"><span class=\"eael-dch-title-text eael-dch-title-lead lead solid-color\">S\u0130FON\u0130K YA\u011eMUR DRENAJ S\u0130STEM\u0130<\/span> <span class=\"eael-dch-title-text\"><\/span><\/h2>\t\t\t\t\t<span class=\"subtext\"><p>Projelendirme ve Kurulum<\/p><\/span>\n\t\t\t\t\t\t\t<\/div>\n\n\t\t\t\t\t\t<\/div>\n\t\t\t\t<\/a>\n\t\t\t\t<\/div>\n\t\t\t\t\t<\/div>\n\t\t\t\t<\/div>\n\t\t<div class=\"elementor-element elementor-element-b94ec0b servis-alani elementor-hidden-desktop e-flex e-con-boxed e-con e-parent\" data-id=\"b94ec0b\" data-element_type=\"container\" data-e-type=\"container\" data-settings=\"{&quot;background_background&quot;:&quot;classic&quot;}\">\n\t\t\t\t\t<div class=\"e-con-inner\">\n\t\t<a class=\"elementor-element elementor-element-2a0e850 e-con-full servis-kutusu e-flex e-con e-child\" data-id=\"2a0e850\" data-element_type=\"container\" data-e-type=\"container\" href=\"https:\/\/yapi.bilgininsaat.com\">\n\t\t\t\t<div class=\"elementor-element elementor-element-bacfb19 eael-dual-header-content-align-center elementor-widget elementor-widget-eael-dual-color-header\" data-id=\"bacfb19\" data-element_type=\"widget\" data-e-type=\"widget\" data-widget_type=\"eael-dual-color-header.default\">\n\t\t\t\t\t\t\t\t<div class=\"eael-dual-header\">\n\t\t\t\t<h2 class=\"title eael-dch-title\"><span class=\"eael-dch-title-text eael-dch-title-lead lead solid-color\">YAPI MALZEMELER\u0130<\/span> <span class=\"eael-dch-title-text\"><\/span><\/h2>\t\t\t\t\t<span class=\"subtext\"><p>Sat\u0131\u015f \u2022 Servis \u2022 Yedek Par\u00e7a<\/p><\/span>\n\t\t\t\t\t\t\t<\/div>\n\n\t\t\t\t\t\t<\/div>\n\t\t\t\t<\/a>\n\t\t<a class=\"elementor-element elementor-element-e3beac5 e-con-full servis-kutusu e-flex e-con e-child\" data-id=\"e3beac5\" data-element_type=\"container\" data-e-type=\"container\" href=\"https:\/\/sifonik.bilgininsaat.com\">\n\t\t\t\t<div class=\"elementor-element elementor-element-ff711ef eael-dual-header-content-align-center elementor-widget elementor-widget-eael-dual-color-header\" data-id=\"ff711ef\" data-element_type=\"widget\" data-e-type=\"widget\" data-widget_type=\"eael-dual-color-header.default\">\n\t\t\t\t\t\t\t\t<div class=\"eael-dual-header\">\n\t\t\t\t<h2 class=\"title eael-dch-title\"><span class=\"eael-dch-title-text eael-dch-title-lead lead solid-color\">S\u0130FON\u0130K YA\u011eMUR DRENAJ S\u0130STEM\u0130<\/span> <span class=\"eael-dch-title-text\"><\/span><\/h2>\t\t\t\t\t<span class=\"subtext\"><p>Projelendirme ve Kurulum<\/p><\/span>\n\t\t\t\t\t\t\t<\/div>\n\n\t\t\t\t\t\t<\/div>\n\t\t\t\t<\/a>\n\t\t\t\t\t<\/div>\n\t\t\t\t<\/div>\n\t\t<div class=\"elementor-element elementor-element-c799b88 e-flex e-con-boxed e-con e-parent\" data-id=\"c799b88\" data-element_type=\"container\" data-e-type=\"container\" data-settings=\"{&quot;background_background&quot;:&quot;classic&quot;}\">\n\t\t\t\t\t<div class=\"e-con-inner\">\n\t\t<div class=\"elementor-element elementor-element-07c4939 e-con-full e-flex e-con e-child\" data-id=\"07c4939\" data-element_type=\"container\" data-e-type=\"container\">\n\t\t\t\t<div class=\"elementor-element elementor-element-2e63ad6 elementor-widget elementor-widget-image\" data-id=\"2e63ad6\" data-element_type=\"widget\" data-e-type=\"widget\" data-widget_type=\"image.default\">\n\t\t\t\t\t\t\t\t\t\t\t\t\t\t\t<img decoding=\"async\" width=\"240\" height=\"175\" src=\"https:\/\/bilgininsaat.com\/wp-content\/uploads\/2026\/03\/bilgin_logotype.svg\" class=\"attachment-large size-large wp-image-17\" alt=\"\" \/>\t\t\t\t\t\t\t\t\t\t\t\t\t\t\t<\/div>\n\t\t\t\t<div class=\"elementor-element elementor-element-48ffb5b elementor-widget elementor-widget-heading\" data-id=\"48ffb5b\" data-element_type=\"widget\" data-e-type=\"widget\" data-widget_type=\"heading.default\">\n\t\t\t\t\t<h2 class=\"elementor-heading-title elementor-size-default\">Ahmet Bilgin  Yap\u0131 Malzemeleri\nSan. Ti\u0307c. Ltd. \u015eti\u0307.<\/h2>\t\t\t\t<\/div>\n\t\t\t\t<div class=\"elementor-element elementor-element-7cee479 elementor-widget elementor-widget-text-editor\" data-id=\"7cee479\" data-element_type=\"widget\" data-e-type=\"widget\" data-widget_type=\"text-editor.default\">\n\t\t\t\t\t\t\t\t\t<p>Merkez: Fevzi \u00c7akmak Mah.<br \/>7.Ert\u00fcrk Sk. No:3\/A <br \/>Merkez\/U\u015eAK <br \/>+90 276 227 14 14<br \/><br \/>Ma\u011faza: Cumhuriyet Mah.<br \/>U\u011fur Mumcu Cad. No:51\/A <br \/>Merkez\/U\u015eAK <br \/>+90 276 216 1316<\/p>\t\t\t\t\t\t\t\t<\/div>\n\t\t<div class=\"elementor-element elementor-element-e96cd03 e-con-full e-flex e-con e-child\" data-id=\"e96cd03\" data-element_type=\"container\" data-e-type=\"container\">\n\t\t\t\t<div class=\"elementor-element elementor-element-157a1b8 elementor-view-default elementor-widget elementor-widget-icon\" data-id=\"157a1b8\" data-element_type=\"widget\" data-e-type=\"widget\" data-widget_type=\"icon.default\">\n\t\t\t\t\t\t\t<div class=\"elementor-icon-wrapper\">\n\t\t\t<a class=\"elementor-icon\" href=\"https:\/\/www.facebook.com\/bilginticaret\">\n\t\t\t<svg aria-hidden=\"true\" class=\"e-font-icon-svg e-fab-facebook-square\" viewBox=\"0 0 448 512\" xmlns=\"http:\/\/www.w3.org\/2000\/svg\"><path d=\"M400 32H48A48 48 0 0 0 0 80v352a48 48 0 0 0 48 48h137.25V327.69h-63V256h63v-54.64c0-62.15 37-96.48 93.67-96.48 27.14 0 55.52 4.84 55.52 4.84v61h-31.27c-30.81 0-40.42 19.12-40.42 38.73V256h68.78l-11 71.69h-57.78V480H400a48 48 0 0 0 48-48V80a48 48 0 0 0-48-48z\"><\/path><\/svg>\t\t\t<\/a>\n\t\t<\/div>\n\t\t\t\t\t\t<\/div>\n\t\t\t\t<div class=\"elementor-element elementor-element-23a6feb elementor-view-default elementor-widget elementor-widget-icon\" data-id=\"23a6feb\" data-element_type=\"widget\" data-e-type=\"widget\" data-widget_type=\"icon.default\">\n\t\t\t\t\t\t\t<div class=\"elementor-icon-wrapper\">\n\t\t\t<a class=\"elementor-icon\" href=\"https:\/\/www.instagram.com\/bilginticaretofficial\/\">\n\t\t\t<svg aria-hidden=\"true\" class=\"e-font-icon-svg e-fab-instagram\" viewBox=\"0 0 448 512\" xmlns=\"http:\/\/www.w3.org\/2000\/svg\"><path d=\"M224.1 141c-63.6 0-114.9 51.3-114.9 114.9s51.3 114.9 114.9 114.9S339 319.5 339 255.9 287.7 141 224.1 141zm0 189.6c-41.1 0-74.7-33.5-74.7-74.7s33.5-74.7 74.7-74.7 74.7 33.5 74.7 74.7-33.6 74.7-74.7 74.7zm146.4-194.3c0 14.9-12 26.8-26.8 26.8-14.9 0-26.8-12-26.8-26.8s12-26.8 26.8-26.8 26.8 12 26.8 26.8zm76.1 27.2c-1.7-35.9-9.9-67.7-36.2-93.9-26.2-26.2-58-34.4-93.9-36.2-37-2.1-147.9-2.1-184.9 0-35.8 1.7-67.6 9.9-93.9 36.1s-34.4 58-36.2 93.9c-2.1 37-2.1 147.9 0 184.9 1.7 35.9 9.9 67.7 36.2 93.9s58 34.4 93.9 36.2c37 2.1 147.9 2.1 184.9 0 35.9-1.7 67.7-9.9 93.9-36.2 26.2-26.2 34.4-58 36.2-93.9 2.1-37 2.1-147.8 0-184.8zM398.8 388c-7.8 19.6-22.9 34.7-42.6 42.6-29.5 11.7-99.5 9-132.1 9s-102.7 2.6-132.1-9c-19.6-7.8-34.7-22.9-42.6-42.6-11.7-29.5-9-99.5-9-132.1s-2.6-102.7 9-132.1c7.8-19.6 22.9-34.7 42.6-42.6 29.5-11.7 99.5-9 132.1-9s102.7-2.6 132.1 9c19.6 7.8 34.7 22.9 42.6 42.6 11.7 29.5 9 99.5 9 132.1s2.7 102.7-9 132.1z\"><\/path><\/svg>\t\t\t<\/a>\n\t\t<\/div>\n\t\t\t\t\t\t<\/div>\n\t\t\t\t<\/div>\n\t\t\t\t<\/div>\n\t\t<div class=\"elementor-element elementor-element-4628141 e-con-full e-flex e-con e-child\" data-id=\"4628141\" data-element_type=\"container\" data-e-type=\"container\">\n\t\t\t\t<div class=\"elementor-element elementor-element-1152d6c elementor-widget elementor-widget-heading\" data-id=\"1152d6c\" data-element_type=\"widget\" data-e-type=\"widget\" data-widget_type=\"heading.default\">\n\t\t\t\t\t<h2 class=\"elementor-heading-title elementor-size-default\">Men\u00fc<\/h2>\t\t\t\t<\/div>\n\t\t\t\t<div class=\"elementor-element elementor-element-04c3ab4 elementor-widget elementor-widget-text-editor\" data-id=\"04c3ab4\" data-element_type=\"widget\" data-e-type=\"widget\" data-widget_type=\"text-editor.default\">\n\t\t\t\t\t\t\t\t\t<ul><li>Kurumsal<\/li><li>Hizmetler<\/li><li>\u00dcr\u00fcnler<\/li><li>Medya<\/li><li>\u0130leti\u015fim<\/li><\/ul>\t\t\t\t\t\t\t\t<\/div>\n\t\t\t\t<\/div>\n\t\t<div class=\"elementor-element elementor-element-eaf928d e-con-full e-flex e-con e-child\" data-id=\"eaf928d\" data-element_type=\"container\" data-e-type=\"container\">\n\t\t\t\t<div class=\"elementor-element elementor-element-3318bf2 elementor-widget elementor-widget-heading\" data-id=\"3318bf2\" data-element_type=\"widget\" data-e-type=\"widget\" data-widget_type=\"heading.default\">\n\t\t\t\t\t<h2 class=\"elementor-heading-title elementor-size-default\">\u00dcr\u00fcnler<\/h2>\t\t\t\t<\/div>\n\t\t\t\t<div class=\"elementor-element elementor-element-d08fdf3 elementor-widget elementor-widget-text-editor\" data-id=\"d08fdf3\" data-element_type=\"widget\" data-e-type=\"widget\" data-widget_type=\"text-editor.default\">\n\t\t\t\t\t\t\t\t\t<ul><li>Seramik &amp; Kaplama<\/li><li>Vitrifiye<\/li><li>Armat\u00fcr<\/li><li>Du\u015f &amp; Banyo Sistemleri<\/li><li>Tesisat \u00dcr\u00fcnleri<\/li><li>Yap\u0131 Kimyasallar\u0131<\/li><li>Banyo Mobilyalar\u0131<\/li><li>Tezg\u00e2h &amp; Eviyeler<\/li><li>Aksesuarlar<\/li><\/ul>\t\t\t\t\t\t\t\t<\/div>\n\t\t\t\t<\/div>\n\t\t<div class=\"elementor-element elementor-element-02187e1 e-con-full e-flex e-con e-child\" data-id=\"02187e1\" data-element_type=\"container\" data-e-type=\"container\">\n\t\t\t\t<div class=\"elementor-element elementor-element-5a788de elementor-widget elementor-widget-heading\" data-id=\"5a788de\" data-element_type=\"widget\" data-e-type=\"widget\" data-widget_type=\"heading.default\">\n\t\t\t\t\t<h2 class=\"elementor-heading-title elementor-size-default\">Yasal Y\u00fck\u00fcml\u00fcl\u00fckler<\/h2>\t\t\t\t<\/div>\n\t\t\t\t<div class=\"elementor-element elementor-element-1017198 elementor-widget elementor-widget-text-editor\" data-id=\"1017198\" data-element_type=\"widget\" data-e-type=\"widget\" data-widget_type=\"text-editor.default\">\n\t\t\t\t\t\t\t\t\t<ul><li>KVKK Politikas\u0131<\/li><li>\u00c7erez Politikas\u0131<\/li><li>Ayd\u0131nlatma Metni<\/li><\/ul><ul><li>e-katalog<\/li><\/ul>\t\t\t\t\t\t\t\t<\/div>\n\t\t\t\t<\/div>\n\t\t<div class=\"elementor-element elementor-element-2b40557 e-con-full e-flex e-con e-child\" data-id=\"2b40557\" data-element_type=\"container\" data-e-type=\"container\">\n\t\t\t\t<div class=\"elementor-element elementor-element-6d1bd63 elementor-widget elementor-widget-text-editor\" data-id=\"6d1bd63\" data-element_type=\"widget\" data-e-type=\"widget\" data-widget_type=\"text-editor.default\">\n\t\t\t\t\t\t\t\t\t<ul><li>TR<\/li><li>EN<\/li><\/ul>\t\t\t\t\t\t\t\t<\/div>\n\t\t\t\t<\/div>\n\t\t\t\t\t<\/div>\n\t\t\t\t<\/div>\n\t\t\t\t<\/div>\n\t\t","protected":false},"excerpt":{"rendered":"<p>Y\u00fczy\u0131l\u0131 a\u015fan g\u00fcvenle d\u00f6rt nesildir ayn\u0131 sorumluluk. Bu miras, bug\u00fcn h\u00e2l\u00e2 i\u015fimizin merkezinde. YAPI MALZEMELER\u0130 Sat\u0131\u015f \u2022 Servis \u2022 Yedek Par\u00e7a S\u0130FON\u0130K YA\u011eMUR DRENAJ S\u0130STEM\u0130 Projelendirme ve Kurulum YAPI MALZEMELER\u0130 Sat\u0131\u015f \u2022 Servis \u2022 Yedek Par\u00e7a S\u0130FON\u0130K YA\u011eMUR DRENAJ S\u0130STEM\u0130 Projelendirme ve Kurulum Ahmet Bilgin Yap\u0131 Malzemeleri San. Ti\u0307c. Ltd. \u015eti\u0307. Merkez: Fevzi \u00c7akmak Mah.7.Ert\u00fcrk [&hellip;]<\/p>\n","protected":false},"author":1,"featured_media":0,"parent":0,"menu_order":0,"comment_status":"closed","ping_status":"closed","template":"elementor_canvas","meta":{"footnotes":""},"class_list":["post-7","page","type-page","status-publish","hentry"],"blocksy_meta":[],"_links":{"self":[{"href":"https:\/\/bilgininsaat.com\/index.php\/wp-json\/wp\/v2\/pages\/7","targetHints":{"allow":["GET"]}}],"collection":[{"href":"https:\/\/bilgininsaat.com\/index.php\/wp-json\/wp\/v2\/pages"}],"about":[{"href":"https:\/\/bilgininsaat.com\/index.php\/wp-json\/wp\/v2\/types\/page"}],"author":[{"embeddable":true,"href":"https:\/\/bilgininsaat.com\/index.php\/wp-json\/wp\/v2\/users\/1"}],"replies":[{"embeddable":true,"href":"https:\/\/bilgininsaat.com\/index.php\/wp-json\/wp\/v2\/comments?post=7"}],"version-history":[{"count":89,"href":"https:\/\/bilgininsaat.com\/index.php\/wp-json\/wp\/v2\/pages\/7\/revisions"}],"predecessor-version":[{"id":115,"href":"https:\/\/bilgininsaat.com\/index.php\/wp-json\/wp\/v2\/pages\/7\/revisions\/115"}],"wp:attachment":[{"href":"https:\/\/bilgininsaat.com\/index.php\/wp-json\/wp\/v2\/media?parent=7"}],"curies":[{"name":"wp","href":"https:\/\/api.w.org\/{rel}","templated":true}]}}